{"id":1304,"date":"2024-04-10T16:20:04","date_gmt":"2024-04-10T16:20:04","guid":{"rendered":"https:\/\/21550.website.snafu.de\/?page_id=1304"},"modified":"2024-10-01T12:59:36","modified_gmt":"2024-10-01T12:59:36","slug":"impressum","status":"publish","type":"page","link":"https:\/\/baufi-berlin.de\/?page_id=1304","title":{"rendered":"Impressum"},"content":{"rendered":"<p>[et_pb_section fb_built=&#8220;1&#8243; custom_padding_last_edited=&#8220;on|desktop&#8220; admin_label=&#8220;section&#8220; module_id=&#8220;start&#8220; _builder_version=&#8220;4.16&#8243; custom_padding=&#8220;|||&#8220; custom_padding_tablet=&#8220;50px|0|50px|0&#8243; custom_padding_phone=&#8220;&#8220; transparent_background=&#8220;off&#8220; padding_mobile=&#8220;off&#8220; make_fullwidth=&#8220;off&#8220; use_custom_width=&#8220;off&#8220; width_unit=&#8220;on&#8220; global_colors_info=&#8220;{}&#8220;][et_pb_row padding_mobile=&#8220;on&#8220; column_padding_mobile=&#8220;on&#8220; admin_label=&#8220;row&#8220; _builder_version=&#8220;4.16&#8243; background_size=&#8220;initial&#8220; background_position=&#8220;top_left&#8220; background_repeat=&#8220;repeat&#8220; custom_padding=&#8220;50px|50px||||&#8220; make_fullwidth=&#8220;off&#8220; use_custom_width=&#8220;off&#8220; width_unit=&#8220;on&#8220; global_colors_info=&#8220;{}&#8220;][et_pb_column type=&#8220;4_4&#8243; _builder_version=&#8220;4.16&#8243; custom_padding=&#8220;|||&#8220; global_colors_info=&#8220;{}&#8220; custom_padding__hover=&#8220;|||&#8220;][et_pb_text content_tablet=&#8220;<\/p>\n<h1><strong>Professionelle Finanzierungsberatung und Finanzierungsvermittlung auf Augenh\u00f6he<\/strong><\/h1>\n<p>&#8220; content_phone=&#8220;<\/p>\n<h1><strong>Finanzierungsberatung und Finanzierungsvermittlung auf Augenh\u00f6he<\/strong><\/h1>\n<p>&#8220; content_last_edited=&#8220;off|desktop&#8220; _builder_version=&#8220;4.24.0&#8243; _module_preset=&#8220;default&#8220; text_text_color=&#8220;#131334&#8243; header_font=&#8220;|||on|||||&#8220; header_text_color=&#8220;#323282&#8243; header_font_size=&#8220;24px&#8220; header_line_height=&#8220;1.3em&#8220; custom_margin=&#8220;||20px||false|false&#8220; custom_margin_tablet=&#8220;||15px||false|false&#8220; custom_margin_phone=&#8220;||10px||false|false&#8220; custom_margin_last_edited=&#8220;on|desktop&#8220; custom_padding=&#8220;0px|||||&#8220; header_font_size_tablet=&#8220;22px&#8220; header_font_size_phone=&#8220;18px&#8220; header_font_size_last_edited=&#8220;on|desktop&#8220; global_colors_info=&#8220;{}&#8220;]<\/p>\n<h1><strong>Impressum<\/strong><\/h1>\n<p>[\/et_pb_text][et_pb_text _builder_version=&#8220;4.24.0&#8243; _module_preset=&#8220;default&#8220; hover_enabled=&#8220;0&#8243; global_colors_info=&#8220;{}&#8220; sticky_enabled=&#8220;0&#8243;]<\/p>\n<h2>BauFi Finanzierungsvermittlungs GmbH<\/h2>\n<p>Wartburgstra\u00dfe 19, 10825 Berlin<br \/>Telefon: +49 30 78 09 67 &#8211; 0<br \/>Fax: +49 30 78 09 67 &#8211; 49<br \/>E-Mail: info(at)baufi-berlin.de<br \/>Web: www.baufi-berlin.de<\/p>\n<p>[\/et_pb_text][et_pb_text _builder_version=&#8220;4.24.0&#8243; _module_preset=&#8220;default&#8220; hover_enabled=&#8220;0&#8243; global_colors_info=&#8220;{}&#8220; sticky_enabled=&#8220;0&#8243;]<\/p>\n<h3>Gesch\u00e4ftsf\u00fchrer<\/h3>\n<p>Carsten Sch\u00fcler<\/p>\n<h3>Registergericht<\/h3>\n<p>Amtsgericht Charlottenburg, HRB 128 103 B<\/p>\n<h3>Steuernummer<\/h3>\n<p>USt-Ident-Nr.: 1130\/008\/03526<\/p>\n<h3>Zust\u00e4ndige Berufskammer<\/h3>\n<p>IHK zu Berlin, Fasanenstr. 85, 10623 Berlin<br \/>Tel. 030-31510-0, www.ihk-berlin.de<\/p>\n<h3>Vermittlerregister<\/h3>\n<p>Die BauFi Finanzierungsvermittlungs GmbH ist eingetragen im Vermittlerregister gem\u00e4\u00df \u00a7 11a Gewerbeordnung.<br \/>www.vermittlerregister.info<br \/>Registrier-Nr. f\u00fcr Immobiliardarlehensvermittlung: D-W-107-XXW2-01<br \/>Registerstelle: Deutsche Industrie- und Handelskammer (DIHK), Breite Str. 29, 10178 Berlin, Tel. 0180-600 585-0, www.dihk.de<\/p>\n<h3>Konzeption, Design, Programmierung, Fotos<\/h3>\n<p>Sosign &#8211; B\u00fcro f\u00fcr Konzeption und Gestaltung<br \/>Dipl.-Des. Susann Oecknick<br \/>F\u00fcrstenwalder Allee 274, 12589 Berlin<br \/>www.sosign.info<\/p>\n<h3>Verantwortlich f\u00fcr die inhaltliche Gestaltung (Autor):<\/h3>\n<p>Eike Wilhelm Siemers<\/p>\n<h3>Urheberrecht<\/h3>\n<p>Der Autor ist bestrebt auf der Internetseite vorrangig eigene Fotos, zu verwenden. In allen anderen F\u00e4llen wird das geltende Urheberrecht beachtet. Alle innerhalb des Internetauftritts genannten und gegebenenfalls durch Dritte gesch\u00fctzten Marken- und Warenzeichen unterliegen uneingeschr\u00e4nkt den Bestimmungen des jeweils g\u00fcltigen Kennzeichenrechts und den Besitzrechten der jeweiligen eingetragenen Eigent\u00fcmer. Allein aufgrund der blo\u00dfen Nennung ist nicht der Schluss zu ziehen, dass Markenzeichen nicht durch Rechte Dritter gesch\u00fctzt sind. Das Urheberrecht f\u00fcr die eigenen Inhalte des Autors auf der Domain www.baufi-berlin.de steht allein dem Autor zu. Eine Vervielf\u00e4ltigung oder anderweitige Nutzung der verwendeten Fotos, Grafiken und Texte in anderen elektronischen oder gedruckten Publikationen ist ohne ausdr\u00fcckliche Zustimmung des Autors nicht gestattet.<\/p>\n<h3>Datenschutz<\/h3>\n<p>Der Schutz Ihrer Privatsph\u00e4re hat f\u00fcr den Autor oberste Priorit\u00e4t. Der Autor hat daher weitreichende Sicherheitsma\u00dfnahmen getroffen, um die bei ihm gespeicherten, personen-bezogenen Daten vor unbefugtem Zugriff und missbr\u00e4uchlicher Verwendung zu sch\u00fctzen. Wenn Sie dem Autor ein E-Mail senden, so wird Ihre Mail-Adresse nur f\u00fcr die Korrespondenz mit Ihnen verwendet. Der Autor versichert Ihnen, dass Ihre Daten nicht an Dritte weitergeben werden.<\/p>\n<h3>Rechtswirksamkeit<\/h3>\n<p>Bei diesem Haftungsausschluss handelt es sich um einen wesentlichen Bestandteil dieses Internetauftritts. Sofern Teile oder einzelne Formulierungen dieses Textes der geltenden Rechtslage nicht, nicht mehr oder nicht vollst\u00e4ndig entsprechen sollten, bleiben die \u00fcbrigen Teile des Haftungsausschlusses in ihrem Inhalt und ihrer G\u00fcltigkeit hiervon unber\u00fchrt.<\/p>\n<h3>Inhalte<\/h3>\n<p>Der Inhalt dieser Seite wurde mit aller Sorgfalt erstellt und \u00fcberpr\u00fcft. Es wird jedoch keine Gew\u00e4hr f\u00fcr die Aktualit\u00e4t, Richtigkeit oder Vollst\u00e4ndigkeit der bereitgestellten Informationen \u00fcbernommen. Haftungsanspr\u00fcche gegen den Autor, die sich auf Sch\u00e4den materieller oder ideeller Art beziehen, welche durch die Nutzung oder Nichtnutzung der dargebotenen Informationen oder durch fehlerhafte und unvollst\u00e4ndige Informationen verursacht wurden, sind grunds\u00e4tzlich ausgeschlossen, sofern seitens des Autors kein nachweislich vors\u00e4tzliches oder grob fahrl\u00e4ssiges Verschulden vorliegt. Der Autor beh\u00e4lt sich ausdr\u00fccklich das Recht vor, Teile der Seite oder das gesamte Angebot ohne vorherige Ank\u00fcndigung zu ver\u00e4ndern, zu erg\u00e4nzen, zu l\u00f6schen oder die Ver\u00f6ffentlichung komplett einzustellen.<\/p>\n<h3>Links<\/h3>\n<p>Sofern direkt oder indirekt auf fremde Internetseiten verwiesen wird (\u201eLinks\u201c), haftet der Autor nur, wenn er von den Inhalten genaue Kenntnis hat und es ihm technisch m\u00f6glich und zumutbar ist, die Nutzung im Fall rechtswidriger Inhalte zu verhindern. Der Autor erkl\u00e4rt hiermit ausdr\u00fccklich, dass zum Zeitpunkt der Linksetzung die verlinkten Seiten keine illegalen Inhalte enthalten haben und dass keinerlei Einfluss auf die aktuelle und zuk\u00fcnftige Gestaltung der verlinkten Seiten besteht. Der Autor ist f\u00fcr den Inhalt, die Verf\u00fcgbarkeit, die Richtigkeit und die Genauigkeit der verlinkten Seiten, deren Angebote, Links oder Werbeanzeigen nicht verantwortlich. Der Autor haftet nicht f\u00fcr illegale, fehlerhafte oder unvollst\u00e4ndige Inhalte und insbesondere nicht f\u00fcr Sch\u00e4den, die durch Nutzung oder Nichtnutzung der auf den verlinkten Seiten angebotenen Informationen entstehen.<\/p>\n<p>[\/et_pb_text][\/et_pb_column][\/et_pb_row][\/et_pb_section]<\/p>\n","protected":false},"excerpt":{"rendered":"<p>ImpressumBauFi Finanzierungsvermittlungs GmbH Wartburgstra\u00dfe 19, 10825 BerlinTelefon: +49 30 78 09 67 &#8211; 0Fax: +49 30 78 09 67 &#8211; 49E-Mail: info(at)baufi-berlin.deWeb: www.baufi-berlin.deGesch\u00e4ftsf\u00fchrer Carsten Sch\u00fcler Registergericht Amtsgericht Charlottenburg, HRB 128 103 B Steuernummer USt-Ident-Nr.: 1130\/008\/03526 Zust\u00e4ndige Berufskammer IHK zu Berlin, Fasanenstr. 85, 10623 BerlinTel. 030-31510-0, www.ihk-berlin.de Vermittlerregister Die BauFi Finanzierungsvermittlungs GmbH ist eingetragen im Vermittlerregister [&hellip;]<\/p>\n","protected":false},"author":3,"featured_media":0,"parent":0,"menu_order":0,"comment_status":"closed","ping_status":"closed","template":"","meta":{"_et_pb_use_builder":"on","_et_pb_old_content":"","_et_gb_content_width":"","footnotes":""},"class_list":["post-1304","page","type-page","status-publish","hentry"],"_links":{"self":[{"href":"https:\/\/baufi-berlin.de\/index.php?rest_route=\/wp\/v2\/pages\/1304","targetHints":{"allow":["GET"]}}],"collection":[{"href":"https:\/\/baufi-berlin.de\/index.php?rest_route=\/wp\/v2\/pages"}],"about":[{"href":"https:\/\/baufi-berlin.de\/index.php?rest_route=\/wp\/v2\/types\/page"}],"author":[{"embeddable":true,"href":"https:\/\/baufi-berlin.de\/index.php?rest_route=\/wp\/v2\/users\/3"}],"replies":[{"embeddable":true,"href":"https:\/\/baufi-berlin.de\/index.php?rest_route=%2Fwp%2Fv2%2Fcomments&post=1304"}],"version-history":[{"count":4,"href":"https:\/\/baufi-berlin.de\/index.php?rest_route=\/wp\/v2\/pages\/1304\/revisions"}],"predecessor-version":[{"id":2245,"href":"https:\/\/baufi-berlin.de\/index.php?rest_route=\/wp\/v2\/pages\/1304\/revisions\/2245"}],"wp:attachment":[{"href":"https:\/\/baufi-berlin.de\/index.php?rest_route=%2Fwp%2Fv2%2Fmedia&parent=1304"}],"curies":[{"name":"wp","href":"https:\/\/api.w.org\/{rel}","templated":true}]}}